{"id":2,"date":"2026-02-09T06:10:12","date_gmt":"2026-02-09T05:10:12","guid":{"rendered":"https:\/\/wp.mikrolib.eu\/?page_id=2"},"modified":"2026-02-09T11:42:01","modified_gmt":"2026-02-09T10:42:01","slug":"page-d-exemple","status":"publish","type":"page","link":"https:\/\/wp.mikrolib.eu\/","title":{"rendered":"Accueil"},"content":{"rendered":"\n<p style=\"font-size:20px\"><strong>Le Caf\u00e9 Ginette<\/strong>&nbsp;est une brasserie de quartier anim\u00e9e \u00e0 Toulouse, dans le secteur des Minimes, au 46 avenue des Minimes. Ce lieu r\u00e9tro et convivial m\u00eale bistrot d&rsquo;apr\u00e8s-guerre, concerts live et cuisine maison accessible, ouvert tous les jours jusqu&rsquo;\u00e0 tard.<a href=\"https:\/\/www.petitfute.com\/v24565-toulouse-31000\/c1165-restaurants\/c4-cuisine-francaise\/c1-bistrot-brasserie\/1660535-cafe-ginette.html\" target=\"_blank\" rel=\"noreferrer noopener\"><\/a><br><\/p>\n\n\n\n<h2 class=\"wp-block-heading\" id=\"ambiance-et-dcor\">Ambiance et D\u00e9cor<\/h2>\n\n\n\n<p class=\"has-medium-font-size\">Tables en formica, chaises d&rsquo;\u00e9colier, po\u00eale \u00e0 bois, grande salle chaleureuse, terrasse ensoleill\u00e9e et patio ombrag\u00e9 \u00e0 l&rsquo;arri\u00e8re pour un ap\u00e9ro tranquille. Ambiance guinguette festive, populaire et branch\u00e9e, id\u00e9ale pour afterworks ou soir\u00e9es entre amis.<\/p>\n\n\n\n<h2 class=\"wp-block-heading\" id=\"carte-et-saveurs\">Carte et Saveurs<\/h2>\n\n\n\n<p class=\"has-medium-font-size\">Produits locaux et de saison : viandes de fermiers prim\u00e9s (Bas-Rouergue), l\u00e9gumes bio, plats du jour abordables (moins chers qu&rsquo;un kebab), tapas, planches de charcuterie, gins vari\u00e9s, bi\u00e8res en demi et vins en petits formats. Tout est fait maison, responsable et budget-friendly.<\/p>\n\n\n\n<h2 class=\"wp-block-heading\" id=\"vnements-et-horaires\">\u00c9v\u00e9nements et Horaires<\/h2>\n\n\n\n<p class=\"has-medium-font-size\">Concerts 4-5 soirs\/semaine (jazz jam le lundi, blues, swing, rock, DJ sets, quizz), annonc\u00e9s sur Facebook. Ouvert lun de 9h \u00e0 minuit, mar-jeu de 9h \u00e0 2h, ven de 9h30 \u00e0 2h, sam 16h-minuit, dim 11h30-17h puis jusqu&rsquo;\u00e0 3h. R\u00e9servez au 05 61 57 08 76, \u00e7a afflue vite !<\/p>\n","protected":false},"excerpt":{"rendered":"<p>Le Caf\u00e9 Ginette&nbsp;est une brasserie de quartier anim\u00e9e \u00e0 Toulouse, dans le secteur des Minimes, au 46 avenue des Minimes. Ce lieu r\u00e9tro et convivial m\u00eale bistrot d&rsquo;apr\u00e8s-guerre, concerts live et cuisine maison accessible, ouvert tous les jours jusqu&rsquo;\u00e0 tard. Ambiance et D\u00e9cor Tables en formica, chaises d&rsquo;\u00e9colier, po\u00eale \u00e0 bois, grande salle chaleureuse, terrasse [&hellip;]<\/p>\n","protected":false},"author":1,"featured_media":0,"parent":0,"menu_order":0,"comment_status":"closed","ping_status":"open","template":"","meta":{"footnotes":""},"class_list":["post-2","page","type-page","status-publish","hentry"],"_links":{"self":[{"href":"https:\/\/wp.mikrolib.eu\/index.php\/wp-json\/wp\/v2\/pages\/2","targetHints":{"allow":["GET"]}}],"collection":[{"href":"https:\/\/wp.mikrolib.eu\/index.php\/wp-json\/wp\/v2\/pages"}],"about":[{"href":"https:\/\/wp.mikrolib.eu\/index.php\/wp-json\/wp\/v2\/types\/page"}],"author":[{"embeddable":true,"href":"https:\/\/wp.mikrolib.eu\/index.php\/wp-json\/wp\/v2\/users\/1"}],"replies":[{"embeddable":true,"href":"https:\/\/wp.mikrolib.eu\/index.php\/wp-json\/wp\/v2\/comments?post=2"}],"version-history":[{"count":4,"href":"https:\/\/wp.mikrolib.eu\/index.php\/wp-json\/wp\/v2\/pages\/2\/revisions"}],"predecessor-version":[{"id":118,"href":"https:\/\/wp.mikrolib.eu\/index.php\/wp-json\/wp\/v2\/pages\/2\/revisions\/118"}],"wp:attachment":[{"href":"https:\/\/wp.mikrolib.eu\/index.php\/wp-json\/wp\/v2\/media?parent=2"}],"curies":[{"name":"wp","href":"https:\/\/api.w.org\/{rel}","templated":true}]}}